{"id":19,"date":"2007-04-28T10:45:54","date_gmt":"2007-04-28T08:45:54","guid":{"rendered":"http:\/\/www.hamburger-lotsenchor.de\/der-hamburger-lotsenchor\/"},"modified":"2026-04-12T14:35:41","modified_gmt":"2026-04-12T12:35:41","slug":"der-hamburger-lotsenchor","status":"publish","type":"page","link":"https:\/\/www.hamburger-lotsenchor.de\/","title":{"rendered":"Willkommen beim Hamburger-Lotsenchor (Shanty Klassiker)"},"content":{"rendered":"<p><a href=\"http:\/\/www.hamburger-lotsenchor.de\/wp-\n[caption id=\"attachment_1340\" align=\"aligncenter\" width=\"1527\"]<a href=\"http:\/\/www.hamburger-lotsenchor.de\/wp-content\/uploads\/2026\/03\/IMG_0444.jpeg\"><img loading=\"lazy\" decoding=\"async\" src=\"http:\/\/www.hamburger-lotsenchor.de\/wp-content\/uploads\/2026\/03\/IMG_0444.jpeg\" alt=\"\" width=\"1527\" height=\"2174\" class=\"size-full wp-image-1340\" srcset=\"https:\/\/www.hamburger-lotsenchor.de\/wp-content\/uploads\/2026\/03\/IMG_0444.jpeg 1527w, https:\/\/www.hamburger-lotsenchor.de\/wp-content\/uploads\/2026\/03\/IMG_0444-211x300.jpeg 211w, https:\/\/www.hamburger-lotsenchor.de\/wp-content\/uploads\/2026\/03\/IMG_0444-719x1024.jpeg 719w, https:\/\/www.hamburger-lotsenchor.de\/wp-content\/uploads\/2026\/03\/IMG_0444-768x1093.jpeg 768w, https:\/\/www.hamburger-lotsenchor.de\/wp-content\/uploads\/2026\/03\/IMG_0444-1079x1536.jpeg 1079w, https:\/\/www.hamburger-lotsenchor.de\/wp-content\/uploads\/2026\/03\/IMG_0444-1438x2048.jpeg 1438w\" sizes=\"auto, (max-width: 1527px) 100vw, 1527px\" \/><\/a><img loading=\"lazy\" decoding=\"async\" src=\"http:\/\/www.hamburger-lotsenchor.de\/wp-content\/uploads\/2025\/10\/IMG_0276-scaled.jpeg\" alt=\"\" width=\"2560\" height=\"1708\" class=\"aligncenter size-full wp-image-1223\" srcset=\"https:\/\/www.hamburger-lotsenchor.de\/wp-content\/uploads\/2025\/10\/IMG_0276-scaled.jpeg 2560w, https:\/\/www.hamburger-lotsenchor.de\/wp-content\/uploads\/2025\/10\/IMG_0276-300x200.jpeg 300w, https:\/\/www.hamburger-lotsenchor.de\/wp-content\/uploads\/2025\/10\/IMG_0276-1024x683.jpeg 1024w, https:\/\/www.hamburger-lotsenchor.de\/wp-content\/uploads\/2025\/10\/IMG_0276-768x512.jpeg 768w, https:\/\/www.hamburger-lotsenchor.de\/wp-content\/uploads\/2025\/10\/IMG_0276-1536x1025.jpeg 1536w, https:\/\/www.hamburger-lotsenchor.de\/wp-content\/uploads\/2025\/10\/IMG_0276-2048x1367.jpeg 2048w\" sizes=\"auto, (max-width: 2560px) 100vw, 2560px\" \/><\/a><br \/>\n<a href=\"http:\/\/www.hamburger-lotsenchor.de\/wp-content\/uploads\/2026\/04\/6731B491-9FC5-4E57-9DBE-7BC4C58AE252-e1775293833568.png\"><img loading=\"lazy\" decoding=\"async\" src=\"http:\/\/www.hamburger-lotsenchor.de\/wp-content\/uploads\/2026\/04\/6731B491-9FC5-4E57-9DBE-7BC4C58AE252-e1775293833568.png\" alt=\"\" width=\"970\" height=\"604\" class=\"aligncenter size-full wp-image-1348\" srcset=\"https:\/\/www.hamburger-lotsenchor.de\/wp-content\/uploads\/2026\/04\/6731B491-9FC5-4E57-9DBE-7BC4C58AE252-e1775293833568.png 970w, https:\/\/www.hamburger-lotsenchor.de\/wp-content\/uploads\/2026\/04\/6731B491-9FC5-4E57-9DBE-7BC4C58AE252-e1775293833568-300x187.png 300w, https:\/\/www.hamburger-lotsenchor.de\/wp-content\/uploads\/2026\/04\/6731B491-9FC5-4E57-9DBE-7BC4C58AE252-e1775293833568-768x478.png 768w\" sizes=\"auto, (max-width: 970px) 100vw, 970px\" \/><\/a><\/p>\n<p><audio class=\"wp-audio-shortcode\" id=\"audio-19-1\" preload=\"none\" style=\"width: 100%;\" controls=\"controls\"><source type=\"audio\/mpeg\" src=\"http:\/\/www.hamburger-lotsenchor.de\/wp-content\/uploads\/2015\/03\/06-4-30.mp3?_=1\" \/><a href=\"http:\/\/www.hamburger-lotsenchor.de\/wp-content\/uploads\/2015\/03\/06-4-30.mp3\">http:\/\/www.hamburger-lotsenchor.de\/wp-content\/uploads\/2015\/03\/06-4-30.mp3<\/a><\/audio><br \/>\n<\/p>\n<p><strong>Eine Ansprache f\u00fcr Freunde bekannte und andere Menschen.<\/strong><\/p>\n<p>Der Shanty Chor, unter der Leitung von Michael Georgi, ist ein au\u00dfergew\u00f6hnlicher Chor, der mit Natascha B\u00f6ttcher am Akkordeon, Jutta Hoppe an der Geige und Maria Pallasch an der Fl\u00f6te authentische Shantys zum Besten gibt.  Praxis und Theorie verschmelzen im Chor zu einem lustvollen und inspirierenden Erlebnis. Ihre Lieder sind gro\u00dfartig, ungew\u00f6hnlich und ideenreich und verbinden schlaue Improvisation mit emotionalem H\u00f6ren.  Der Chor m\u00f6chte das Publikum dazu anregen, zu reflektieren, wie Shantys sie ber\u00fchren und welche Themen sie ansprechen.<\/p>\n<p>Gerne empfehlen wir Ihnen w\u00e4rmstens, diese wunderbaren Konzerte zu buchen.  Weitere Informationen  Programm Termine finden sie links oben unter dem Tab  Programm.<br \/>\nViel Spa\u00df<\/p>\n","protected":false},"excerpt":{"rendered":"","protected":false},"author":1,"featured_media":0,"parent":0,"menu_order":0,"comment_status":"closed","ping_status":"closed","template":"","meta":{"_uf_show_specific_survey":0,"_uf_disable_surveys":false,"footnotes":""},"class_list":["post-19","page","type-page","status-publish","hentry"],"_links":{"self":[{"href":"https:\/\/www.hamburger-lotsenchor.de\/index.php?rest_route=\/wp\/v2\/pages\/19","targetHints":{"allow":["GET"]}}],"collection":[{"href":"https:\/\/www.hamburger-lotsenchor.de\/index.php?rest_route=\/wp\/v2\/pages"}],"about":[{"href":"https:\/\/www.hamburger-lotsenchor.de\/index.php?rest_route=\/wp\/v2\/types\/page"}],"author":[{"embeddable":true,"href":"https:\/\/www.hamburger-lotsenchor.de\/index.php?rest_route=\/wp\/v2\/users\/1"}],"replies":[{"embeddable":true,"href":"https:\/\/www.hamburger-lotsenchor.de\/index.php?rest_route=%2Fwp%2Fv2%2Fcomments&post=19"}],"version-history":[{"count":174,"href":"https:\/\/www.hamburger-lotsenchor.de\/index.php?rest_route=\/wp\/v2\/pages\/19\/revisions"}],"predecessor-version":[{"id":874,"href":"https:\/\/www.hamburger-lotsenchor.de\/index.php?rest_route=\/wp\/v2\/pages\/19\/revisions\/874"}],"wp:attachment":[{"href":"https:\/\/www.hamburger-lotsenchor.de\/index.php?rest_route=%2Fwp%2Fv2%2Fmedia&parent=19"}],"curies":[{"name":"wp","href":"https:\/\/api.w.org\/{rel}","templated":true}]}}